{"id":5,"date":"2015-12-30T15:17:20","date_gmt":"2015-12-30T15:17:20","guid":{"rendered":"http:\/\/themenectar.com\/demo\/salient-corporate\/?page_id=4"},"modified":"2018-09-06T15:15:23","modified_gmt":"2018-09-06T15:15:23","slug":"principal","status":"publish","type":"page","link":"https:\/\/lider.srv.br\/","title":{"rendered":"Principal"},"content":{"rendered":"[vc_row type=&#8221;full_width_background&#8221; full_screen_row_position=&#8221;middle&#8221; bg_image=&#8221;6661&#8243; background_image_mobile_hidden=&#8221;true&#8221; bg_position=&#8221;center bottom&#8221; bg_repeat=&#8221;no-repeat&#8221; parallax_bg=&#8221;true&#8221; parallax_bg_speed=&#8221;medium&#8221; scene_position=&#8221;center&#8221; text_color=&#8221;light&#8221; text_align=&#8221;center&#8221; top_padding=&#8221;18%&#8221; bottom_padding=&#8221;15%&#8221; enable_gradient=&#8221;true&#8221; color_overlay=&#8221;#2c7707&#8243; color_overlay_2=&#8221;#669600&#8243; gradient_direction=&#8221;left_t_to_right_b&#8221; overlay_strength=&#8221;0.8&#8243; shape_divider_position=&#8221;bottom&#8221; shape_type=&#8221;&#8221;][vc_column centered_text=&#8221;true&#8221; column_padding=&#8221;no-extra-padding&#8221; column_padding_position=&#8221;all&#8221; background_color_opacity=&#8221;1&#8243; background_hover_color_opacity=&#8221;1&#8243; column_shadow=&#8221;none&#8221; column_border_radius=&#8221;none&#8221; width=&#8221;1\/1&#8243; tablet_text_alignment=&#8221;default&#8221; phone_text_alignment=&#8221;default&#8221; column_border_width=&#8221;none&#8221; column_border_style=&#8221;solid&#8221;][split_line_heading]\n<h5>\u00a0Socorro de cargas 24hrs<\/h5>\n<h1>Prontos para socorrer a sua<\/h1>\n<h1>carga a qualquer momento<\/h1>\n[\/split_line_heading][divider line_type=&#8221;No Line&#8221; custom_height=&#8221;20%&#8221;][vc_row_inner content_placement=&#8221;middle&#8221; column_margin=&#8221;default&#8221; text_align=&#8221;left&#8221; css=&#8221;.vc_custom_1517574655535{padding-right: 30% !important;padding-left: 30% !important;}&#8221;][vc_column_inner column_padding=&#8221;no-extra-padding&#8221; column_padding_position=&#8221;all&#8221; background_color_opacity=&#8221;1&#8243; background_hover_color_opacity=&#8221;1&#8243; column_shadow=&#8221;none&#8221; column_border_radius=&#8221;none&#8221; width=&#8221;1\/2&#8243; column_border_width=&#8221;none&#8221; column_border_style=&#8221;solid&#8221;][nectar_btn size=&#8221;large&#8221; button_style=&#8221;see-through-2&#8243; hover_color_override=&#8221;#a1c01a&#8221; hover_text_color_override=&#8221;#ffffff&#8221; icon_family=&#8221;none&#8221; url=&#8221;\/index.php\/servicos&#8221; text=&#8221;SABER MAIS&#8221;][\/vc_column_inner][vc_column_inner column_padding=&#8221;no-extra-padding&#8221; column_padding_position=&#8221;all&#8221; background_color_opacity=&#8221;1&#8243; background_hover_color_opacity=&#8221;1&#8243; column_shadow=&#8221;none&#8221; column_border_radius=&#8221;none&#8221; width=&#8221;1\/2&#8243; column_border_width=&#8221;none&#8221; column_border_style=&#8221;solid&#8221;][nectar_btn size=&#8221;large&#8221; button_style=&#8221;see-through-2&#8243; hover_color_override=&#8221;#a1c01a&#8221; hover_text_color_override=&#8221;#ffffff&#8221; icon_family=&#8221;none&#8221; url=&#8221;\/index.php\/contato&#8221; text=&#8221;VAMOS CONVERSAR&#8221;][\/vc_column_inner][\/vc_row_inner][\/vc_column][\/vc_row][vc_row type=&#8221;in_container&#8221; full_screen_row_position=&#8221;middle&#8221; scene_position=&#8221;center&#8221; text_color=&#8221;dark&#8221; text_align=&#8221;left&#8221; disable_element=&#8221;yes&#8221; overlay_strength=&#8221;0.3&#8243; shape_divider_position=&#8221;bottom&#8221;][vc_column column_padding=&#8221;no-extra-padding&#8221; column_padding_position=&#8221;all&#8221; background_color_opacity=&#8221;1&#8243; background_hover_color_opacity=&#8221;1&#8243; column_shadow=&#8221;none&#8221; column_border_radius=&#8221;none&#8221; width=&#8221;1\/1&#8243; tablet_text_alignment=&#8221;default&#8221; phone_text_alignment=&#8221;default&#8221; column_border_width=&#8221;none&#8221; column_border_style=&#8221;solid&#8221;]<div  data-transition=\"fade\" data-overall_style=\"classic\" data-flexible-height=\"\" data-animate-in-effect=\"none\" data-fullscreen=\"true\" data-button-sizing=\"large\" data-button-styling=\"btn_with_preview\" data-autorotate=\"\" data-parallax=\"false\" data-parallax-disable-mobile=\"\" data-caption-trans=\"fade_in_from_bottom\" data-parallax-style=\"bg_only\" data-bg-animation=\"none\" data-full-width=\"true\" class=\"nectar-slider-wrap \" id=\"nectar-slider-instance-1\"><div class=\"swiper-container\"  data-tho=\"auto\" data-tco=\"auto\" data-pho=\"auto\" data-pco=\"auto\" data-loop=\"true\" data-height=\"600\" data-min-height=\"\" data-arrows=\"true\" data-bullets=\"true\" data-bullet_style=\"see_through\" data-bullet_position=\"bottom\" data-desktop-swipe=\"false\" data-settings=\"\"> <div class=\"swiper-wrapper\"><div class=\"swiper-slide\" data-desktop-content-width=\"\" data-tablet-content-width=\"\" data-bg-alignment=\"top\" data-color-scheme=\"light\" data-x-pos=\"centered\" data-y-pos=\"middle\" ><div class=\"slide-bg-wrap\"><div class=\"image-bg\" style=\"background-image: url(https:\/\/testemkt.buonny.com.br\/lider\/wp-content\/uploads\/2017\/12\/Prancheta-3.png);\"> &nbsp; <\/div><\/div><div class=\"container\">\r\n\t\t\t\t\t\t<div class=\"content\"><h2>Controle total dos sinistros<\/h2><p  ><span>Acompanhamento 100% online e em tempo real.<\/span><\/p><div class=\"buttons\"><div class=\"button solid_color\">\r\n\t\t\t\t\t\t\t\t\t\t <a class=\"primary-color\" href=\"#\">CONHE\u00c7A A LIDERSERV<\/a>\r\n\t\t\t\t\t\t\t\t\t\t<\/div><\/div><\/div>\r\n\t\t\t\t\t\t\t\t<\/div><!--\/container--><div class=\"video-texture \"> <span class=\"ie-fix\"><\/span> <\/div><\/div> <!--\/swiper-slide--><div class=\"swiper-slide\" data-desktop-content-width=\"\" data-tablet-content-width=\"\" data-bg-alignment=\"bottom\" data-color-scheme=\"light\" data-x-pos=\"left\" data-y-pos=\"middle\" ><div class=\"slide-bg-wrap\"><div class=\"image-bg\" style=\"background-image: url(https:\/\/testemkt.buonny.com.br\/lider\/wp-content\/uploads\/2017\/12\/Prancheta-1.png);\"> &nbsp; <\/div><\/div><div class=\"container\">\r\n\t\t\t\t\t\t<div class=\"content\"><h2>Socorro de cargas<\/h2><p  ><span>Preparados para te atender<BR> em qualquer lugar do Brasil<\/span><\/p><div class=\"buttons\"><div class=\"button solid_color\">\r\n\t\t\t\t\t\t\t\t\t\t <a class=\"primary-color\" href=\"#\">Saiba mais sobre SOS Cargas<\/a>\r\n\t\t\t\t\t\t\t\t\t\t<\/div><\/div><\/div>\r\n\t\t\t\t\t\t\t\t<\/div><!--\/container--><div class=\"video-texture \"> <span class=\"ie-fix\"><\/span> <\/div><\/div> <!--\/swiper-slide--><div class=\"swiper-slide\" data-desktop-content-width=\"\" data-tablet-content-width=\"\" data-bg-alignment=\"top\" data-color-scheme=\"dark\" data-x-pos=\"right\" data-y-pos=\"middle\" ><div class=\"slide-bg-wrap\"><div class=\"image-bg\" style=\"background-image: url(https:\/\/testemkt.buonny.com.br\/lider\/wp-content\/uploads\/2017\/12\/Prancheta-2-2.png);\"> &nbsp; <\/div><\/div><div class=\"container\">\r\n\t\t\t\t\t\t<div class=\"content\"><h2>An\u00e1lise de riscos<\/h2><p  ><span>Reduza as ocorr\u00eancias. Tenha uma opera\u00e7\u00e3o segura.<\/span><\/p><div class=\"buttons\"><div class=\"button solid_color\">\r\n\t\t\t\t\t\t\t\t\t\t <a class=\"primary-color\" href=\"#\">FA\u00c7A A PREVEN\u00c7\u00c3O DE ACIDENTES<\/a>\r\n\t\t\t\t\t\t\t\t\t\t<\/div><\/div><\/div>\r\n\t\t\t\t\t\t\t\t<\/div><!--\/container--><div class=\"video-texture \"> <span class=\"ie-fix\"><\/span> <\/div><\/div> <!--\/swiper-slide--><\/div><a href=\"\" class=\"slider-prev\"><i class=\"fa fa-angle-left\"><\/i> <\/a>\r\n\t\t\t\t\t\t<a href=\"\" class=\"slider-next\"><i class=\"fa fa-angle-right\"><\/i> <\/a><div class=\"container normal-container slider-pagination-wrap\"><div class=\"slider-pagination\"><\/div><\/div><div class=\"nectar-slider-loading \"> <span class=\"loading-icon none\">   <\/span> <\/div> <\/div> \r\n\t\t\t\t\t\r\n\t\t\t\t\t<\/div>[\/vc_column][\/vc_row][vc_row type=&#8221;full_width_background&#8221; full_screen_row_position=&#8221;middle&#8221; equal_height=&#8221;yes&#8221; content_placement=&#8221;middle&#8221; bg_color=&#8221;#ffffff&#8221; scene_position=&#8221;center&#8221; text_color=&#8221;dark&#8221; text_align=&#8221;left&#8221; top_padding=&#8221;50&#8243; bottom_padding=&#8221;50&#8243; overlay_strength=&#8221;0.3&#8243; shape_divider_position=&#8221;bottom&#8221;][vc_column column_padding=&#8221;no-extra-padding&#8221; column_padding_position=&#8221;all&#8221; background_color_opacity=&#8221;1&#8243; background_hover_color_opacity=&#8221;1&#8243; column_shadow=&#8221;none&#8221; column_border_radius=&#8221;none&#8221; width=&#8221;1\/2&#8243; tablet_text_alignment=&#8221;center&#8221; phone_text_alignment=&#8221;center&#8221; column_border_width=&#8221;none&#8221; column_border_style=&#8221;solid&#8221;][vc_column_text css=&#8221;.vc_custom_1512124226080{margin-top: 15px !important;}&#8221;]Sempre pr\u00f3ximo da sua carga.<\/p>\n[\/vc_column_text][vc_custom_heading text=&#8221;Mais de 400 bases<br \/>\noperacionais&#8221; font_container=&#8221;tag:h2|font_size:50|text_align:left|line_height:56px&#8221; google_fonts=&#8221;font_family:Roboto%20Condensed%3A300%2C300italic%2Cregular%2Citalic%2C700%2C700italic|font_style:700%20bold%20regular%3A700%3Anormal&#8221;][\/vc_column][vc_column column_padding=&#8221;no-extra-padding&#8221; column_padding_position=&#8221;all&#8221; background_color_opacity=&#8221;1&#8243; background_hover_color_opacity=&#8221;1&#8243; column_shadow=&#8221;none&#8221; column_border_radius=&#8221;none&#8221; width=&#8221;1\/2&#8243; tablet_text_alignment=&#8221;center&#8221; phone_text_alignment=&#8221;center&#8221; column_border_width=&#8221;none&#8221; column_border_style=&#8221;solid&#8221;][vc_row_inner column_margin=&#8221;default&#8221; text_align=&#8221;right&#8221;][vc_column_inner column_padding=&#8221;no-extra-padding&#8221; column_padding_position=&#8221;all&#8221; background_color_opacity=&#8221;1&#8243; background_hover_color_opacity=&#8221;1&#8243; column_shadow=&#8221;none&#8221; column_border_radius=&#8221;none&#8221; width=&#8221;1\/1&#8243; column_border_width=&#8221;none&#8221; column_border_style=&#8221;solid&#8221;][nectar_btn size=&#8221;jumbo&#8221; button_style=&#8221;see-through&#8221; button_color_2=&#8221;Accent-Color&#8221; color_override=&#8221;#00632e&#8221; icon_family=&#8221;none&#8221; url=&#8221;\/index.php\/localizacoes&#8221; text=&#8221;SAIBA ONDE EST\u00c3O&#8221;][\/vc_column_inner][\/vc_row_inner][\/vc_column][\/vc_row][vc_row type=&#8221;full_width_content&#8221; full_screen_row_position=&#8221;middle&#8221; bg_image=&#8221;6630&#8243; bg_position=&#8221;center center&#8221; bg_repeat=&#8221;no-repeat&#8221; parallax_bg=&#8221;true&#8221; parallax_bg_speed=&#8221;fast&#8221; bg_color=&#8221;#005d2a&#8221; scene_position=&#8221;center&#8221; text_color=&#8221;light&#8221; text_align=&#8221;center&#8221; top_padding=&#8221;2%&#8221; bottom_padding=&#8221;2%&#8221; color_overlay=&#8221;#005d2a&#8221; overlay_strength=&#8221;0.95&#8243; shape_divider_position=&#8221;bottom&#8221; shape_type=&#8221;&#8221;][vc_column centered_text=&#8221;true&#8221; column_padding=&#8221;padding-4-percent&#8221; column_padding_position=&#8221;all&#8221; background_color_opacity=&#8221;1&#8243; background_color_hover=&#8221;#0a0a0a&#8221; background_hover_color_opacity=&#8221;0.2&#8243; column_shadow=&#8221;none&#8221; column_border_radius=&#8221;none&#8221; width=&#8221;1\/3&#8243; tablet_text_alignment=&#8221;default&#8221; phone_text_alignment=&#8221;default&#8221; column_border_width=&#8221;none&#8221; column_border_style=&#8221;solid&#8221;][nectar_icon icon_family=&#8221;iconsmind&#8221; icon_style=&#8221;default&#8221; icon_color=&#8221;white&#8221; icon_padding=&#8221;20px&#8221; icon_iconsmind=&#8221;iconsmind-Truck&#8221;][vc_column_text]\n<h4>Transportes<\/h4>\n<p><span style=\"font-weight: 400;\">Assist\u00eancia completa para os casos de sinistro de transportes, seja para o dono da mercadoria ou o transportador contratado.<\/span>[\/vc_column_text][divider line_type=&#8221;No Line&#8221; custom_height=&#8221;50&#8243;][nectar_btn size=&#8221;large&#8221; button_style=&#8221;regular&#8221; button_color_2=&#8221;Accent-Color&#8221; icon_family=&#8221;none&#8221; text=&#8221;CONHECER MAIS&#8221; url=&#8221;\/index.php\/servicos&#8221;][\/vc_column][vc_column column_padding=&#8221;padding-4-percent&#8221; column_padding_position=&#8221;all&#8221; background_color_opacity=&#8221;1&#8243; background_color_hover=&#8221;#0a0a0a&#8221; background_hover_color_opacity=&#8221;0.2&#8243; column_shadow=&#8221;none&#8221; column_border_radius=&#8221;none&#8221; width=&#8221;1\/3&#8243; tablet_text_alignment=&#8221;default&#8221; phone_text_alignment=&#8221;default&#8221; column_border_width=&#8221;none&#8221; column_border_style=&#8221;solid&#8221;][nectar_icon icon_family=&#8221;iconsmind&#8221; icon_style=&#8221;default&#8221; icon_color=&#8221;white&#8221; icon_padding=&#8221;20px&#8221; icon_iconsmind=&#8221;iconsmind-Scale&#8221;][vc_column_text]\n<h4>Jur\u00eddico<\/h4>\n<p><span style=\"font-weight: 400;\">Reunimos um grupo de advogados altamente qualificados e experientes, \u00a0para auxiliar juridicamente no que for preciso.<\/span>[\/vc_column_text][divider line_type=&#8221;No Line&#8221; custom_height=&#8221;50&#8243;][nectar_btn size=&#8221;large&#8221; button_style=&#8221;regular&#8221; button_color_2=&#8221;Accent-Color&#8221; icon_family=&#8221;none&#8221; text=&#8221;CONHECER MAIS&#8221; url=&#8221;\/index.php\/servicos&#8221;][\/vc_column][vc_column column_padding=&#8221;padding-4-percent&#8221; column_padding_position=&#8221;all&#8221; background_color_opacity=&#8221;1&#8243; background_color_hover=&#8221;#0a0a0a&#8221; background_hover_color_opacity=&#8221;0.2&#8243; column_shadow=&#8221;none&#8221; column_border_radius=&#8221;none&#8221; width=&#8221;1\/3&#8243; tablet_text_alignment=&#8221;default&#8221; phone_text_alignment=&#8221;default&#8221; column_border_width=&#8221;none&#8221; column_border_style=&#8221;solid&#8221;][nectar_icon icon_family=&#8221;iconsmind&#8221; icon_style=&#8221;default&#8221; icon_color=&#8221;white&#8221; icon_padding=&#8221;20px&#8221; icon_iconsmind=&#8221;iconsmind-Search-People&#8221;][vc_column_text]\n<h4>Demais solu\u00e7\u00f5es<\/h4>\n<p><span style=\"font-weight: 400;\">Fazemos a per\u00edcia geral com apura\u00e7\u00e3o dos fatos, eliminando poss\u00edveis fraudes, al\u00e9m de inspe\u00e7\u00e3o de riscos para evitar danos futuros.<\/span>[\/vc_column_text][divider line_type=&#8221;No Line&#8221; custom_height=&#8221;50&#8243;][nectar_btn size=&#8221;large&#8221; button_style=&#8221;regular&#8221; button_color_2=&#8221;Accent-Color&#8221; icon_family=&#8221;none&#8221; text=&#8221;CONHECER MAIS&#8221; url=&#8221;\/index.php\/servicos&#8221;][\/vc_column][\/vc_row][vc_row type=&#8221;full_width_content&#8221; full_screen_row_position=&#8221;middle&#8221; bg_color=&#8221;#ffffff&#8221; scene_position=&#8221;center&#8221; text_color=&#8221;dark&#8221; text_align=&#8221;left&#8221; overlay_strength=&#8221;0.3&#8243; shape_divider_position=&#8221;bottom&#8221;][vc_column column_padding=&#8221;no-extra-padding&#8221; column_padding_position=&#8221;all&#8221; background_color_opacity=&#8221;1&#8243; background_hover_color_opacity=&#8221;1&#8243; column_shadow=&#8221;none&#8221; column_border_radius=&#8221;none&#8221; width=&#8221;1\/1&#8243; tablet_text_alignment=&#8221;default&#8221; phone_text_alignment=&#8221;default&#8221; column_border_width=&#8221;none&#8221; column_border_style=&#8221;solid&#8221;][divider line_type=&#8221;Full Width Line&#8221; line_thickness=&#8221;1&#8243; divider_color=&#8221;default&#8221;][\/vc_column][\/vc_row][vc_row type=&#8221;full_width_background&#8221; full_screen_row_position=&#8221;middle&#8221; bg_image=&#8221;http:\/\/themenectar.com\/demo\/salient-corporate\/wp-content\/uploads\/2016\/01\/blur.png&#8221; bg_position=&#8221;left top&#8221; bg_repeat=&#8221;no-repeat&#8221; scene_position=&#8221;center&#8221; text_color=&#8221;dark&#8221; text_align=&#8221;left&#8221; top_padding=&#8221;3%&#8221; bottom_padding=&#8221;150&#8243; enable_gradient=&#8221;true&#8221; color_overlay=&#8221;#ffffff&#8221; gradient_direction=&#8221;top_to_bottom&#8221; overlay_strength=&#8221;1&#8243; shape_divider_position=&#8221;bottom&#8221;][vc_column column_padding=&#8221;no-extra-padding&#8221; column_padding_position=&#8221;all&#8221; background_color_opacity=&#8221;1&#8243; background_hover_color_opacity=&#8221;1&#8243; column_shadow=&#8221;none&#8221; column_border_radius=&#8221;none&#8221; width=&#8221;2\/3&#8243; tablet_text_alignment=&#8221;default&#8221; phone_text_alignment=&#8221;default&#8221; column_border_width=&#8221;none&#8221; column_border_style=&#8221;solid&#8221;][image_with_animation image_url=&#8221;6678&#8243; alignment=&#8221;&#8221; animation=&#8221;Fade In&#8221; border_radius=&#8221;none&#8221; box_shadow=&#8221;none&#8221; max_width=&#8221;100%&#8221;][\/vc_column][vc_column column_padding=&#8221;padding-1-percent&#8221; column_padding_position=&#8221;all&#8221; background_color_opacity=&#8221;1&#8243; background_hover_color_opacity=&#8221;1&#8243; column_shadow=&#8221;none&#8221; column_border_radius=&#8221;none&#8221; width=&#8221;1\/3&#8243; tablet_text_alignment=&#8221;default&#8221; phone_text_alignment=&#8221;default&#8221; column_border_width=&#8221;none&#8221; column_border_style=&#8221;solid&#8221;][split_line_heading]\n<h2 style=\"color: #88ad28;\"><span style=\"color: #88ad28;\">Controle processos <\/span><\/h2>\n<h2 style=\"color: #88ad28;\"><span style=\"color: #88ad28;\">de sinistros com <\/span><\/h2>\n<h2 style=\"color: #88ad28;\"><span style=\"color: #88ad28;\">um toque!<\/span><\/h2>\n[\/split_line_heading][vc_row_inner column_margin=&#8221;default&#8221; top_padding=&#8221;15&#8243; bottom_padding=&#8221;25&#8243; text_align=&#8221;left&#8221;][vc_column_inner enable_animation=&#8221;true&#8221; animation=&#8221;fade-in-from-bottom&#8221; column_padding=&#8221;no-extra-padding&#8221; column_padding_position=&#8221;all&#8221; background_color_opacity=&#8221;1&#8243; background_hover_color_opacity=&#8221;1&#8243; column_shadow=&#8221;none&#8221; column_border_radius=&#8221;none&#8221; width=&#8221;1\/1&#8243; column_border_width=&#8221;none&#8221; column_border_style=&#8221;solid&#8221;][vc_column_text]<span style=\"font-weight: 400;\">Nossos servi\u00e7os s\u00e3o monitorados em tempo integral via web e permitem que voc\u00ea acompanhe todos os processos com rapidez e precis\u00e3o.<\/span>[\/vc_column_text][\/vc_column_inner][\/vc_row_inner][nectar_btn size=&#8221;large&#8221; button_style=&#8221;regular&#8221; button_color_2=&#8221;Accent-Color&#8221; icon_family=&#8221;none&#8221; text=&#8221;CONHE\u00c7A A LIDERSERV&#8221; url=&#8221;\/index.php\/liderserv&#8221;][\/vc_column][\/vc_row][vc_row type=&#8221;full_width_content&#8221; full_screen_row_position=&#8221;middle&#8221; bg_color=&#8221;#ffffff&#8221; scene_position=&#8221;center&#8221; text_color=&#8221;dark&#8221; text_align=&#8221;left&#8221; top_padding=&#8221;7%&#8221; bottom_padding=&#8221;6%&#8221; disable_element=&#8221;yes&#8221; overlay_strength=&#8221;0.3&#8243; shape_divider_position=&#8221;bottom&#8221;][vc_column column_padding=&#8221;no-extra-padding&#8221; column_padding_position=&#8221;all&#8221; background_color_opacity=&#8221;1&#8243; background_hover_color_opacity=&#8221;1&#8243; column_shadow=&#8221;none&#8221; column_border_radius=&#8221;none&#8221; width=&#8221;1\/1&#8243; tablet_text_alignment=&#8221;default&#8221; phone_text_alignment=&#8221;default&#8221; column_border_width=&#8221;none&#8221; column_border_style=&#8221;solid&#8221;][testimonial_slider style=&#8221;multiple_visible_minimal&#8221; star_rating_color=&#8221;accent-color&#8221;][testimonial image=&#8221;36&#8243; star_rating=&#8221;100%&#8221; title=&#8221;Testimonial&#8221; tab_id=&#8221;1451491481781-2&#8243; name=&#8221;Aura Brooks&#8221; subtitle=&#8221;Graphic Designer, Owl Eyes&#8221; quote=&#8221;By far the best team I&#8217;ve ever worked with. They truly understood the look I was going for and completely nailed it! I would highly recommend them as a company, you simply just won&#8217;t find any better team!&#8221; id=&#8221;1504113242819-10&#8243;] Click the edit button to add your testimonial. [\/testimonial][testimonial image=&#8221;37&#8243; star_rating=&#8221;none&#8221; title=&#8221;Testimonial&#8221; tab_id=&#8221;1451491481781-2&#8243; name=&#8221;Eve Crawford&#8221; subtitle=&#8221;Product Designer, That Biz&#8221; quote=&#8221;It was really fun getting to know the team during the project. They were all helpful in answering my questions and made me feel completely at ease. The design ended up being twice as good as I could have ever envisioned!&#8221; id=&#8221;1504113242865-3&#8243;] Click the edit button to add your testimonial. [\/testimonial][testimonial image=&#8221;38&#8243; star_rating=&#8221;none&#8221; title=&#8221;Testimonial&#8221; tab_id=&#8221;1451491482058-4&#8243; name=&#8221;Jack Graham&#8221; subtitle=&#8221;Co founder, Coffee Inc&#8221; quote=&#8221;I&#8217;m wondering why I never contacted these guys sooner! Seriously, they all have commendable talent in their respective fields and knocked my concept out of the ballpark. Thanks for an amazing experience!&#8221; id=&#8221;1504113242892-0&#8243;] Click the edit button to add your testimonial. [\/testimonial][testimonial image=&#8221;39&#8243; star_rating=&#8221;none&#8221; title=&#8221;Testimonial&#8221; tab_id=&#8221;1451491482058-4&#8243; name=&#8221;Zak Reid&#8221; subtitle=&#8221;Instructor, Skate Nao&#8221; quote=&#8221;Salient is by far the most astonishing WP theme out there! I literally could not be happier that I chose to buy your theme! Your regular updates and superb attention to detail blows me away every time I visit my new site! &#8221; id=&#8221;1504113242912-4&#8243;] Click the edit button to add your testimonial. [\/testimonial][\/testimonial_slider][\/vc_column][\/vc_row][vc_row type=&#8221;full_width_background&#8221; full_screen_row_position=&#8221;middle&#8221; scene_position=&#8221;center&#8221; text_color=&#8221;dark&#8221; text_align=&#8221;left&#8221; top_padding=&#8221;40&#8243; bottom_padding=&#8221;40&#8243; overlay_strength=&#8221;1&#8243; shape_divider_position=&#8221;bottom&#8221;][vc_column column_padding=&#8221;no-extra-padding&#8221; column_padding_position=&#8221;all&#8221; background_color_opacity=&#8221;1&#8243; background_hover_color_opacity=&#8221;1&#8243; column_shadow=&#8221;none&#8221; column_border_radius=&#8221;none&#8221; width=&#8221;1\/1&#8243; tablet_text_alignment=&#8221;default&#8221; phone_text_alignment=&#8221;default&#8221; column_border_width=&#8221;none&#8221; column_border_style=&#8221;solid&#8221;][clients columns=&#8221;4&#8243; hover_effect=&#8221;opacity&#8221; additional_padding=&#8221;none&#8221; carousel=&#8221;true&#8221;][client image=&#8221;6290&#8243; title=&#8221;Client&#8221; tab_id=&#8221;1451662966191-10&#8243; name=&#8221;BRF&#8221; id=&#8221;1451664886009-6&#8243;] Click the edit button to add your testimonial. [\/client][client image=&#8221;6293&#8243; title=&#8221;Client&#8221; tab_id=&#8221;1451662966634-5&#8243; name=&#8221;Grupo P\u00e3o de A\u00e7ucar&#8221; id=&#8221;1451664886043-10&#8243;] Click the edit button to add your testimonial. [\/client][client image=&#8221;6292&#8243; title=&#8221;Client&#8221; tab_id=&#8221;1451663102205-9&#8243; name=&#8221;MSIG&#8221; id=&#8221;1451664886075-8&#8243;][\/client][client image=&#8221;6291&#8243; title=&#8221;Client&#8221; tab_id=&#8221;1451663114418-1&#8243; name=&#8221;Sompo Seguros&#8221; id=&#8221;1451664886141-5&#8243;][\/client][client image=&#8221;6289&#8243; title=&#8221;Client&#8221; tab_id=&#8221;1451663143506-0&#8243; name=&#8221;Swiss Re&#8221; id=&#8221;1451664886197-5&#8243;][\/client][client image=&#8221;6295&#8243; title=&#8221;Client&#8221; tab_id=&#8221;1451663102205-9&#8243; name=&#8221;Bradesco Seguros&#8221; id=&#8221;1451664700416-0-2&#8243;][\/client][client image=&#8221;6296&#8243; title=&#8221;Client&#8221; id=&#8221;1504186580450-0-3&#8243; tab_id=&#8221;1504186580452-9&#8243; name=&#8221;Sura&#8221;][\/client][\/clients][\/vc_column][\/vc_row]\n","protected":false},"excerpt":{"rendered":"<p>[vc_row type=&#8221;full_width_background&#8221; full_screen_row_position=&#8221;middle&#8221; bg_image=&#8221;6661&#8243; background_image_mobile_hidden=&#8221;true&#8221; bg_position=&#8221;center bottom&#8221; bg_repeat=&#8221;no-repeat&#8221; parallax_bg=&#8221;true&#8221; parallax_bg_speed=&#8221;medium&#8221; scene_position=&#8221;center&#8221; text_color=&#8221;light&#8221; text_align=&#8221;center&#8221; top_padding=&#8221;18%&#8221; bottom_padding=&#8221;15%&#8221; enable_gradient=&#8221;true&#8221; color_overlay=&#8221;#2c7707&#8243; color_overlay_2=&#8221;#669600&#8243; gradient_direction=&#8221;left_t_to_right_b&#8221; overlay_strength=&#8221;0.8&#8243;&#8230;<\/p>\n","protected":false},"author":3,"featured_media":0,"parent":0,"menu_order":0,"comment_status":"closed","ping_status":"closed","template":"","meta":{"footnotes":""},"_links":{"self":[{"href":"https:\/\/lider.srv.br\/index.php\/wp-json\/wp\/v2\/pages\/5"}],"collection":[{"href":"https:\/\/lider.srv.br\/index.php\/wp-json\/wp\/v2\/pages"}],"about":[{"href":"https:\/\/lider.srv.br\/index.php\/wp-json\/wp\/v2\/types\/page"}],"author":[{"embeddable":true,"href":"https:\/\/lider.srv.br\/index.php\/wp-json\/wp\/v2\/users\/3"}],"replies":[{"embeddable":true,"href":"https:\/\/lider.srv.br\/index.php\/wp-json\/wp\/v2\/comments?post=5"}],"version-history":[{"count":183,"href":"https:\/\/lider.srv.br\/index.php\/wp-json\/wp\/v2\/pages\/5\/revisions"}],"predecessor-version":[{"id":6858,"href":"https:\/\/lider.srv.br\/index.php\/wp-json\/wp\/v2\/pages\/5\/revisions\/6858"}],"wp:attachment":[{"href":"https:\/\/lider.srv.br\/index.php\/wp-json\/wp\/v2\/media?parent=5"}],"curies":[{"name":"wp","href":"https:\/\/api.w.org\/{rel}","templated":true}]}}